{"id":480,"date":"2025-06-23T20:09:40","date_gmt":"2025-06-23T20:09:40","guid":{"rendered":"https:\/\/chocotale.digitalfarmers.be\/franchise\/"},"modified":"2025-07-17T09:38:08","modified_gmt":"2025-07-17T09:38:08","slug":"franchise","status":"publish","type":"page","link":"https:\/\/chocotale.digitalfarmers.be\/fr\/franchise\/","title":{"rendered":"Franchise"},"content":{"rendered":"\r\n        <style>\r\n            site-header.header{\r\n                position: absolute;\r\n                top: 0;\r\n                left: 0;\r\n                right: 0;\r\n                z-index: 50;\r\n            }\r\n        <\/style>\r\n    \r\n\r\n<div id=\"\" class=\"relative w-full overflow-hidden h-[576px] min-h-[100vh] md:h-[960px] md:min-h-[960px]\">\r\n            <img loading=\"lazy\" decoding=\"async\" width=\"2560\" height=\"1707\" src=\"https:\/\/chocotale.digitalfarmers.be\/wp-content\/uploads\/2025\/06\/kadin-1-5-scaled.png\" class=\"absolute inset-0 w-full h-full object-cover z-0\" alt=\"\" srcset=\"https:\/\/chocotale.digitalfarmers.be\/wp-content\/uploads\/2025\/06\/kadin-1-5-scaled.png 2560w, https:\/\/chocotale.digitalfarmers.be\/wp-content\/uploads\/2025\/06\/kadin-1-5-300x200.png 300w, https:\/\/chocotale.digitalfarmers.be\/wp-content\/uploads\/2025\/06\/kadin-1-5-1024x683.png 1024w, https:\/\/chocotale.digitalfarmers.be\/wp-content\/uploads\/2025\/06\/kadin-1-5-768x512.png 768w, https:\/\/chocotale.digitalfarmers.be\/wp-content\/uploads\/2025\/06\/kadin-1-5-1536x1024.png 1536w, https:\/\/chocotale.digitalfarmers.be\/wp-content\/uploads\/2025\/06\/kadin-1-5-2048x1365.png 2048w, https:\/\/chocotale.digitalfarmers.be\/wp-content\/uploads\/2025\/06\/kadin-1-5-600x400.png 600w\" sizes=\"auto, (max-width: 2560px) 100vw, 2560px\" \/>    \r\n    <!-- Optional: overlay for darkening the image\/video -->\r\n    <div class=\"absolute inset-0 z-5\" style=\"background: linear-gradient(180deg, rgba(28,23,24,0) 0%, rgba(28,23,24,0.7) 100%);\"><\/div>\r\n\r\n    <!-- Content wrapper -->\r\n    <div class=\"relative z-10 flex flex-col items-center justify-end h-full w-full text-center px-4 py-[70px]\">\r\n        <div class=\"container\">\r\n                            <div class=\"text-[30px] lg:text-[56px] font-medium font-wulkan-display text-primary-500 mb-[16px]\">Franchise<\/div>\r\n                                        <h1 class=\"text-[40px] lg:text-[96px] leading-[1] font-wulkan-display font-bold text-primary-700\">\r\n                    Soyez l&#039;un des n\u00f4tres.                <\/h1>\r\n                    <\/div>\r\n    <\/div>\r\n<\/div>\r\n\r\n<section class=\"section-store-map py-[60px] lg:py-[100px] text-center\">\r\n    <div class=\"container\">\r\n                    <h3 class=\"text-[36px] lg:text-[56px] leading-[1.2] font-wulkan-display font-bold text-gray-950 mb-[24px] xl:mb-[32px]\">Ce n&rsquo;est pas seulement une opportunit\u00e9, c&rsquo;est une beaut\u00e9.<\/h3>\r\n                            <div class=\"map-container max-w-[590px] mx-auto\">\r\n                \r\n                <div class=\"map-card relative w-full flex flex-col justify-end items-center rounded-[32px] overflow-hidden border-[4px] border-primary-700 bg-primary-100 aspect-[8\/7]\">\r\n                                            <img loading=\"lazy\" decoding=\"async\" width=\"1776\" height=\"1500\" src=\"https:\/\/chocotale.digitalfarmers.be\/wp-content\/uploads\/2025\/06\/IMG_20220315_125551-1.png\" class=\"w-full h-full object-cover\" alt=\"\" srcset=\"https:\/\/chocotale.digitalfarmers.be\/wp-content\/uploads\/2025\/06\/IMG_20220315_125551-1.png 1776w, https:\/\/chocotale.digitalfarmers.be\/wp-content\/uploads\/2025\/06\/IMG_20220315_125551-1-300x253.png 300w, https:\/\/chocotale.digitalfarmers.be\/wp-content\/uploads\/2025\/06\/IMG_20220315_125551-1-1024x865.png 1024w, https:\/\/chocotale.digitalfarmers.be\/wp-content\/uploads\/2025\/06\/IMG_20220315_125551-1-768x649.png 768w, https:\/\/chocotale.digitalfarmers.be\/wp-content\/uploads\/2025\/06\/IMG_20220315_125551-1-1536x1297.png 1536w, https:\/\/chocotale.digitalfarmers.be\/wp-content\/uploads\/2025\/06\/IMG_20220315_125551-1-600x507.png 600w\" sizes=\"auto, (max-width: 1776px) 100vw, 1776px\" \/>                        <div class=\"absolute inset-0 z-10\" style=\"background: linear-gradient(180deg, rgba(28,23,24,0) 0%, rgba(28,23,24,0.7) 100%);\"><\/div>\r\n                                        <div class=\"absolute z-20 w-full flex flex-col items-center p-[24px]\">\r\n                                                    <div class=\"text-white text-[24px] font-wulkan-display font-semibold mb-4 drop-shadow-lg\">Anvers, Belgique<\/div>\r\n                                                                            <a href=\"#\" class=\"btn btn-outline-primary w-[234px]\">\r\n                                Afficher sur la carte                            <\/a>\r\n                                            <\/div>\r\n                <\/div>\r\n            <\/div>\r\n            <\/div>\r\n<\/section><section class=\"section-placement py-[60px] lg:py-[100px] text-center\">\r\n    <div class=\"container\">\r\n                    <h3 class=\"text-[36px] lg:text-[56px] leading-[1.2] font-wulkan-display font-bold text-gray-950 mb-[24px] xl:mb-[32px]\">O\u00f9 placeriez-vous votre magasin ?<\/h3>\r\n                            <div class=\"image-container max-w-[700px] mx-auto\">\r\n                <img loading=\"lazy\" decoding=\"async\" width=\"703\" height=\"402\" src=\"https:\/\/chocotale.digitalfarmers.be\/wp-content\/uploads\/2025\/06\/Artboard-116-1.svg\" class=\"w-full h-auto\" alt=\"\" \/>            <\/div>\r\n            <\/div>\r\n<\/section><section class=\"section-franchise-contact py-[60px] lg:py-[100px]\">\r\n    <div class=\"container\">\r\n        <div class=\"flex flex-col-reverse lg:grid lg:grid-cols-[1fr_495px] gap-[56px] xl:gap-x-[100px]\">\r\n            <!-- LEFT COLUMN: title, content, form -->\r\n            <div class=\"grid__item flex flex-col space-y-[18px] xl:space-y-[32px]\">\r\n                <h3 class=\"text-[36px] lg:text-[56px] leading-[1.2] font-wulkan-display font-bold text-gray-950\">Nous vous remercions de l&rsquo;int\u00e9r\u00eat que vous portez \u00e0 la franchise Chocotale.<\/h3><div class=\"text-[16px] leading-[18px] font-inter font-medium text-gray-500\"><p>Veuillez prendre connaissance des crit\u00e8res \u00e9num\u00e9r\u00e9s. Si votre entreprise r\u00e9pond \u00e0 toutes les exigences, n&rsquo;h\u00e9sitez pas \u00e0 soumettre votre demande. Si l&rsquo;un de ces crit\u00e8res n&rsquo;est pas rempli, nous vous demandons de bien vouloir vous abstenir de soumettre une demande, car nous ne serons pas en mesure d&rsquo;y r\u00e9pondre.<\/p>\n<\/div><div class=\"franchise-form\"><div class='fluentform ff-default fluentform_wrapper_8 ffs_default_wrap'><form data-form_id=\"8\" id=\"fluentform_8\" class=\"frm-fluent-form fluent_form_8 ff-el-form-top ff_form_instance_8_1 ff-form-loading ffs_default\" data-form_instance=\"ff_form_instance_8_1\" method=\"POST\" ><fieldset  style=\"border: none!important;margin: 0!important;padding: 0!important;background-color: transparent!important;box-shadow: none!important;outline: none!important; min-inline-size: 100%;\">\n                    <legend class=\"ff_screen_reader_title\" style=\"display: block; margin: 0!important;padding: 0!important;height: 0!important;text-indent: -999999px;width: 0!important;overflow:hidden;\">Franchise Contact Form<\/legend><input type='hidden' name='__fluent_form_embded_post_id' value='480' \/><input type=\"hidden\" id=\"_fluentform_8_fluentformnonce\" name=\"_fluentform_8_fluentformnonce\" value=\"50162e2bfb\" \/><input type=\"hidden\" name=\"_wp_http_referer\" value=\"\/fr\/wp-json\/wp\/v2\/pages\/480\" \/><div data-type=\"name-element\" data-name=\"names\" class=\" ff-field_container ff-name-field-wrapper\" ><div class='ff-t-container'><div class='ff-t-cell '><div class='ff-el-group ff-el-form-hide_label'><div class=\"ff-el-input--label ff-el-is-required asterisk-right\"><label for='ff_8_names_first_name_' >Full Name<\/label><\/div><div class='ff-el-input--content'><input type=\"text\" name=\"names[first_name]\" id=\"ff_8_names_first_name_\" class=\"ff-el-form-control\" placeholder=\"Enter Your First Name\" aria-invalid=\"false\" aria-required=true><\/div><\/div><\/div><\/div><\/div><div class='ff-el-group ff-el-form-hide_label'><div class=\"ff-el-input--label ff-el-is-required asterisk-right\"><label for='ff_8_email' aria-label=\"Email address\">Email address<\/label><\/div><div class='ff-el-input--content'><input type=\"email\" name=\"email\" id=\"ff_8_email\" class=\"ff-el-form-control\" placeholder=\"Email Address\" data-name=\"email\"  aria-invalid=\"false\" aria-required=true><\/div><\/div><div class='ff-el-group ff-el-form-hide_label'><div class=\"ff-el-input--label ff-el-is-required asterisk-right\"><label for='ff_8_phone' aria-label=\"Phone number\">Phone number<\/label><\/div><div class='ff-el-input--content'><input name=\"phone\" class=\"ff-el-form-control ff-el-phone\" type=\"tel\" placeholder=\"Phone number\" data-name=\"phone\" id=\"ff_8_phone\" inputmode=\"tel\"  aria-invalid='false' aria-required=true><\/div><\/div><div class='ff-el-group ff-el-form-hide_label'><div class=\"ff-el-input--label asterisk-right\"><label for='ff_8_option' aria-label=\"Option\">Option<\/label><\/div><div class='ff-el-input--content'><input type=\"text\" name=\"option\" class=\"ff-el-form-control\" placeholder=\"Option\" data-name=\"option\" id=\"ff_8_option\"  aria-invalid=\"false\" aria-required=false><\/div><\/div><div class='ff-el-group ff-el-form-hide_label'><div class=\"ff-el-input--label asterisk-right\"><label for='ff_8_description' aria-label=\"Message\">Message<\/label><\/div><div class='ff-el-input--content'><textarea aria-invalid=\"false\" aria-required=false name=\"description\" id=\"ff_8_description\" class=\"ff-el-form-control\" placeholder=\"Tell us what you have in your mind :)\" rows=\"3\" cols=\"2\" data-name=\"description\" ><\/textarea><\/div><\/div><div class='ff-el-group ff-text-center ff_submit_btn_wrapper'><button type=\"submit\" class=\"ff-btn ff-btn-submit ff-btn-md ff_btn_style\" >Submit<\/button><\/div><\/fieldset><\/form><div id='fluentform_8_errors' class='ff-errors-in-stack ff_form_instance_8_1 ff-form-loading_errors ff_form_instance_8_1_errors'><\/div><\/div>        <script type=\"text\/javascript\">\n            window.fluent_form_ff_form_instance_8_1 = {\"id\":\"8\",\"settings\":{\"layout\":{\"labelPlacement\":\"top\",\"asteriskPlacement\":\"asterisk-right\",\"helpMessagePlacement\":\"with_label\",\"errorMessagePlacement\":\"inline\",\"cssClassName\":\"\"},\"restrictions\":{\"denyEmptySubmission\":{\"enabled\":false}}},\"form_instance\":\"ff_form_instance_8_1\",\"form_id_selector\":\"fluentform_8\",\"rules\":{\"names[first_name]\":{\"required\":{\"value\":true,\"message\":\"Ce champ est requis\",\"global_message\":\"This field is required\",\"global\":true}},\"names[middle_name]\":{\"required\":{\"value\":false,\"message\":\"Ce champ est requis\",\"global_message\":\"This field is required\",\"global\":true}},\"names[last_name]\":{\"required\":{\"value\":false,\"message\":\"Ce champ est requis\",\"global_message\":\"This field is required\",\"global\":true}},\"email\":{\"required\":{\"value\":true,\"message\":\"Ce champ est requis\",\"global_message\":\"This field is required\",\"global\":true},\"email\":{\"value\":true,\"message\":\"Ce champ doit contenir un e-mail valide\",\"global_message\":\"This field must contain a valid email\",\"global\":true}},\"phone\":{\"required\":{\"value\":true,\"global\":true,\"message\":\"Ce champ est requis\",\"global_message\":\"This field is required\"},\"valid_phone_number\":{\"value\":false,\"global\":true,\"message\":\"Phone number is not valid\",\"global_message\":\"Phone number is not valid\"}},\"option\":{\"required\":{\"value\":false,\"message\":\"Ce champ est requis\",\"global_message\":\"This field is required\",\"global\":true}},\"description\":{\"required\":{\"value\":false,\"message\":\"Ce champ est requis\",\"global_message\":\"This field is required\",\"global\":true}}},\"debounce_time\":300};\n                    <\/script>\n        <\/div>            <\/div>\r\n            <!-- RIGHT COLUMN: options (desktop), below form (mobile) -->\r\n            <div class=\"grid__item\">\r\n                    <div class=\"franchise-options space-y-[12px]\">\r\n                <div class=\"relative\">\r\n            <input\r\n                type=\"checkbox\"\r\n                id=\"option-0\"\r\n                name=\"franchise_option\"\r\n                value=\"option-1\"\r\n                class=\"peer sr-only\r\n                    [&#038;:checked+label]:bg-primary-300\r\n                    [&#038;:checked+label_.checkmark]:bg-primary-700\r\n                    [&#038;:checked+label_.checkmark]:border-primary-700\r\n                    [&#038;:checked+label_.checkmark:after]:block\r\n                \"\r\n                            >\r\n            <label for=\"option-0\"\r\n                class=\"option-item flex justify-between w-full rounded-[16px] p-[18px] cursor-pointer transition-all duration-300 select-none\r\n                    bg-primary-200 text-gray-600 font-inter font-medium -tracking-[0.03em]\">\r\n                <span class=\"option-text block pr-4 w-full\">\r\n                    <p>La franchise Chocotale est structur\u00e9e pour le d\u00e9veloppement d&rsquo;un pays entier, et pas seulement pour l&rsquo;ouverture d&rsquo;un ou deux magasins. Veuillez confirmer si vous disposez du budget et de l&rsquo;exp\u00e9rience commerciale n\u00e9cessaires pour soutenir l&rsquo;expansion de plusieurs magasins dans tout le pays. Si oui, veuillez cocher la case correspondante.<\/p>\n                <\/span>\r\n                <span class=\"checkmark w-6 h-6 min-w-[18px] min-h-[18px] border-2 border-gray-500 flex items-center justify-center transition-all duration-150 bg-white relative\r\n                    after:hidden after:absolute after:top-[2px] after:left-[7px] after:w-[6px] after:h-[12px] after:border-solid after:border-white after:border-t-0 after:border-l-0 after:border-r-2 after:border-b-2 after:rotate-45\">\r\n                <\/span>\r\n            <\/label>\r\n        <\/div>\r\n                <div class=\"relative\">\r\n            <input\r\n                type=\"checkbox\"\r\n                id=\"option-1\"\r\n                name=\"franchise_option\"\r\n                value=\"option-2\"\r\n                class=\"peer sr-only\r\n                    [&#038;:checked+label]:bg-primary-300\r\n                    [&#038;:checked+label_.checkmark]:bg-primary-700\r\n                    [&#038;:checked+label_.checkmark]:border-primary-700\r\n                    [&#038;:checked+label_.checkmark:after]:block\r\n                \"\r\n                            >\r\n            <label for=\"option-1\"\r\n                class=\"option-item flex justify-between w-full rounded-[16px] p-[18px] cursor-pointer transition-all duration-300 select-none\r\n                    bg-primary-200 text-gray-600 font-inter font-medium -tracking-[0.03em]\">\r\n                <span class=\"option-text block pr-4 w-full\">\r\n                    <p>Chocotale vise \u00e0 s&rsquo;imposer comme la premi\u00e8re marque de chocolat et de dessert haut de gamme dans chaque pays en ouvrant des magasins embl\u00e9matiques dans des emplacements de premier choix. Nous comptons parmi nos concurrents des boutiques de chocolat artisanales locales et des cha\u00eenes internationales de desserts. Veuillez confirmer que vous disposez du budget et de l&rsquo;exp\u00e9rience commerciale n\u00e9cessaires pour concourir \u00e0 ce niveau. Si oui, veuillez cocher la case correspondante.<\/p>\n                <\/span>\r\n                <span class=\"checkmark w-6 h-6 min-w-[18px] min-h-[18px] border-2 border-gray-500 flex items-center justify-center transition-all duration-150 bg-white relative\r\n                    after:hidden after:absolute after:top-[2px] after:left-[7px] after:w-[6px] after:h-[12px] after:border-solid after:border-white after:border-t-0 after:border-l-0 after:border-r-2 after:border-b-2 after:rotate-45\">\r\n                <\/span>\r\n            <\/label>\r\n        <\/div>\r\n                <div class=\"relative\">\r\n            <input\r\n                type=\"checkbox\"\r\n                id=\"option-2\"\r\n                name=\"franchise_option\"\r\n                value=\"option-3\"\r\n                class=\"peer sr-only\r\n                    [&#038;:checked+label]:bg-primary-300\r\n                    [&#038;:checked+label_.checkmark]:bg-primary-700\r\n                    [&#038;:checked+label_.checkmark]:border-primary-700\r\n                    [&#038;:checked+label_.checkmark:after]:block\r\n                \"\r\n                            >\r\n            <label for=\"option-2\"\r\n                class=\"option-item flex justify-between w-full rounded-[16px] p-[18px] cursor-pointer transition-all duration-300 select-none\r\n                    bg-primary-200 text-gray-600 font-inter font-medium -tracking-[0.03em]\">\r\n                <span class=\"option-text block pr-4 w-full\">\r\n                    <p>Chocotale est une marque qui se nourrit d&rsquo;une passion pour le chocolat, l&rsquo;artisanat et la cr\u00e9ativit\u00e9 mondiale. Chaque magasin est con\u00e7u de mani\u00e8re unique en collaboration avec des designers et des chocolatiers renomm\u00e9s, ce qui le diff\u00e9rencie des cha\u00eenes de desserts de masse. Veuillez confirmer si vous partagez cette vision et si vous vous engagez \u00e0 investir dans l&rsquo;am\u00e9nagement de magasins de haute qualit\u00e9 dans les principaux sites de votre pays. Si oui, veuillez cocher la case correspondante.<\/p>\n                <\/span>\r\n                <span class=\"checkmark w-6 h-6 min-w-[18px] min-h-[18px] border-2 border-gray-500 flex items-center justify-center transition-all duration-150 bg-white relative\r\n                    after:hidden after:absolute after:top-[2px] after:left-[7px] after:w-[6px] after:h-[12px] after:border-solid after:border-white after:border-t-0 after:border-l-0 after:border-r-2 after:border-b-2 after:rotate-45\">\r\n                <\/span>\r\n            <\/label>\r\n        <\/div>\r\n                <div class=\"relative\">\r\n            <input\r\n                type=\"checkbox\"\r\n                id=\"option-3\"\r\n                name=\"franchise_option\"\r\n                value=\"option-4\"\r\n                class=\"peer sr-only\r\n                    [&#038;:checked+label]:bg-primary-300\r\n                    [&#038;:checked+label_.checkmark]:bg-primary-700\r\n                    [&#038;:checked+label_.checkmark]:border-primary-700\r\n                    [&#038;:checked+label_.checkmark:after]:block\r\n                \"\r\n                            >\r\n            <label for=\"option-3\"\r\n                class=\"option-item flex justify-between w-full rounded-[16px] p-[18px] cursor-pointer transition-all duration-300 select-none\r\n                    bg-primary-200 text-gray-600 font-inter font-medium -tracking-[0.03em]\">\r\n                <span class=\"option-text block pr-4 w-full\">\r\n                    <p>Chocotale ne divulguera pas les d\u00e9tails des conditions de franchise, les co\u00fbts d&rsquo;ouverture du magasin ou d&rsquo;autres informations connexes au cours de la phase d&rsquo;enqu\u00eate initiale. Ces informations ne seront communiqu\u00e9es que si vous \u00eates s\u00e9lectionn\u00e9 comme partenaire potentiel et apr\u00e8s signature d&rsquo;un accord de non-divulgation. Si vous comprenez parfaitement ce point, veuillez cocher la case.<\/p>\n                <\/span>\r\n                <span class=\"checkmark w-6 h-6 min-w-[18px] min-h-[18px] border-2 border-gray-500 flex items-center justify-center transition-all duration-150 bg-white relative\r\n                    after:hidden after:absolute after:top-[2px] after:left-[7px] after:w-[6px] after:h-[12px] after:border-solid after:border-white after:border-t-0 after:border-l-0 after:border-r-2 after:border-b-2 after:rotate-45\">\r\n                <\/span>\r\n            <\/label>\r\n        <\/div>\r\n            <\/div>\r\n                <\/div>\r\n        <\/div>\r\n    <\/div>\r\n<\/section>","protected":false},"excerpt":{"rendered":"","protected":false},"author":3,"featured_media":0,"parent":0,"menu_order":0,"comment_status":"closed","ping_status":"closed","template":"","meta":{"_acf_changed":false,"inline_featured_image":false,"footnotes":""},"class_list":["post-480","page","type-page","status-publish","hentry"],"acf":[],"_links":{"self":[{"href":"https:\/\/chocotale.digitalfarmers.be\/fr\/wp-json\/wp\/v2\/pages\/480","targetHints":{"allow":["GET"]}}],"collection":[{"href":"https:\/\/chocotale.digitalfarmers.be\/fr\/wp-json\/wp\/v2\/pages"}],"about":[{"href":"https:\/\/chocotale.digitalfarmers.be\/fr\/wp-json\/wp\/v2\/types\/page"}],"author":[{"embeddable":true,"href":"https:\/\/chocotale.digitalfarmers.be\/fr\/wp-json\/wp\/v2\/users\/3"}],"replies":[{"embeddable":true,"href":"https:\/\/chocotale.digitalfarmers.be\/fr\/wp-json\/wp\/v2\/comments?post=480"}],"version-history":[{"count":1,"href":"https:\/\/chocotale.digitalfarmers.be\/fr\/wp-json\/wp\/v2\/pages\/480\/revisions"}],"predecessor-version":[{"id":481,"href":"https:\/\/chocotale.digitalfarmers.be\/fr\/wp-json\/wp\/v2\/pages\/480\/revisions\/481"}],"wp:attachment":[{"href":"https:\/\/chocotale.digitalfarmers.be\/fr\/wp-json\/wp\/v2\/media?parent=480"}],"curies":[{"name":"wp","href":"https:\/\/api.w.org\/{rel}","templated":true}]}}